{"id":8456,"date":"2018-12-10T03:06:47","date_gmt":"2018-12-10T00:06:47","guid":{"rendered":"https:\/\/encholiday.com\/hakkimizda\/"},"modified":"2021-06-30T22:03:15","modified_gmt":"2021-06-30T19:03:15","slug":"about-us","status":"publish","type":"page","link":"https:\/\/encholiday.com\/en\/about-us\/","title":{"rendered":"About Us"},"content":{"rendered":"<p>[vc_row][vc_column][vc_empty_space height=&#8221;60px&#8221;][\/vc_column][\/vc_row][vc_row][vc_column width=&#8221;1\/2&#8243;][vc_column_text el_class=&#8221;st-aboutus-title&#8221;]<\/p>\n<h3>Our Story<\/h3>\n<p>[\/vc_column_text][vc_column_text el_class=&#8221;st-aboutus-content&#8221;]Our agency was established in 2020 with an understanding of service based on international standards and long-term commercial relations. Our agency which is a member of TURSAB (Turkey Travel Agencies Association) provides all tour operators with the expected precision, reliability and flexibility with an understanding of professional service, coordinated and seamless transfer services in various regions of Turkey, Georgia and Azerbaijan, a wide range of travel schedules, numerous hotels, excellent price &amp; service rate.Our priority is to provide quality and suitable solutions with customer satisfaction for our partners and customers. [\/vc_column_text][vc_empty_space height=&#8221;30px&#8221;][\/vc_column][vc_column width=&#8221;1\/2&#8243;][vc_column_text el_class=&#8221;st-aboutus-title&#8221;]<\/p>\n<h3>Our Mission<\/h3>\n<p>[\/vc_column_text][vc_column_text el_class=&#8221;st-aboutus-content&#8221;]Our agency was established in 2020 with an understanding of service based on international standards and long-term commercial relations. Our agency which is a member of TURSAB (Turkey Travel Agencies Association) provides all tour operators with the expected precision, reliability and flexibility with an understanding of professional service, coordinated and seamless transfer services in various regions of Turkey, Georgia and Azerbaijan, a wide range of travel schedules, numerous hotels, excellent price &amp; service rate.Our priority is to provide quality and suitable solutions with customer satisfaction for our partners and customers. [\/vc_column_text][vc_empty_space height=&#8221;30px&#8221;][\/vc_column][\/vc_row][vc_row][vc_column][vc_empty_space height=&#8221;20px&#8221;]<div class=\"st-list-statistic\"><div class=\"row\">            <div class=\"col-md-3 col-sm-6\">\n                <div class=\"item-wrapper\">\n                    <div class=\"item\">\n                        <div class=\"front\">\n                            <div class=\"inner\">\n                                <h4>30+<\/h4>\n                                <p class=\"sub-text\">Business Partners<\/p>\n                            <\/div>\n                        <\/div>\n                        <div class=\"end\">\n                            <p class=\"desc\">Nam dapibus nisl vitae elit fringilla rutrum. Aenean sollicitudin, erat a elementum rutrum, neque sem pretium metus, quis mollis nisl nunc et massa.<\/p>\n                        <\/div>\n                    <\/div>\n                <\/div>\n            <\/div>\n                        <div class=\"col-md-3 col-sm-6\">\n                <div class=\"item-wrapper\">\n                    <div class=\"item\">\n                        <div class=\"front\">\n                            <div class=\"inner\">\n                                <h4>20+<\/h4>\n                                <p class=\"sub-text\">Accommodation Network<\/p>\n                            <\/div>\n                        <\/div>\n                        <div class=\"end\">\n                            <p class=\"desc\">Nam dapibus nisl vitae elit fringilla rutrum. Aenean sollicitudin, erat a elementum rutrum, neque sem pretium metus, quis mollis nisl nunc et massa.<\/p>\n                        <\/div>\n                    <\/div>\n                <\/div>\n            <\/div>\n                        <div class=\"col-md-3 col-sm-6\">\n                <div class=\"item-wrapper\">\n                    <div class=\"item\">\n                        <div class=\"front\">\n                            <div class=\"inner\">\n                                <h4>300+<\/h4>\n                                <p class=\"sub-text\">Locations<\/p>\n                            <\/div>\n                        <\/div>\n                        <div class=\"end\">\n                            <p class=\"desc\">Nam dapibus nisl vitae elit fringilla rutrum. Aenean sollicitudin, erat a elementum rutrum, neque sem pretium metus, quis mollis nisl nunc et massa.<\/p>\n                        <\/div>\n                    <\/div>\n                <\/div>\n            <\/div>\n                        <div class=\"col-md-3 col-sm-6\">\n                <div class=\"item-wrapper\">\n                    <div class=\"item\">\n                        <div class=\"front\">\n                            <div class=\"inner\">\n                                <h4>40k+<\/h4>\n                                <p class=\"sub-text\">Reservations<\/p>\n                            <\/div>\n                        <\/div>\n                        <div class=\"end\">\n                            <p class=\"desc\">Nam dapibus nisl vitae elit fringilla rutrum. Aenean sollicitudin, erat a elementum rutrum, neque sem pretium metus, quis mollis nisl nunc et massa.<\/p>\n                        <\/div>\n                    <\/div>\n                <\/div>\n            <\/div>\n            <\/div><\/div>[vc_empty_space height=&#8221;65px&#8221;]<div class=\"st-aboutus-info\">\n        <p class=\"message\">\"Aenean sollicitudin, erat a elementum rutrum, neque sem pretium metus, quis mollis nisl nunc et massa. Nam dapibus nisl vitae elit fringilla rutrum.\"<\/p>\n        <img decoding=\"async\" src=\"https:\/\/encholiday.com\/wp-content\/uploads\/2021\/05\/omer-serif-imza.png\" alt=\"\"\/>            <p class=\"name\">\u00d6mer \u015eerif \u00c7avu\u015fo\u011flu<\/p>\n                <p class=\"pos\">Kurucu Ortak<\/p>\n    <\/div>[vc_empty_space height=&#8221;65px&#8221;][\/vc_column][\/vc_row][vc_row full_width=&#8221;stretch_row_content_no_spaces&#8221; row_fullwidth=&#8221;yes&#8221;][vc_column css=&#8221;.vc_custom_1543386510262{padding-right: 0px !important;padding-left: 0px !important;}&#8221;]<div class=\"st-aboutus-gallery\">\n            <div class=\"st-flickity st-gallery\">\n            <div class=\"carousel\"\n                 data-flickity='{ \"wrapAround\": true, \"pageDots\": true , \"autoPlay\" : true}'>\n                                    <div class=\"item\" style=\"background-image: url('https:\/\/via.placeholder.com\/300x200')\"><\/div>\n                                        <div class=\"item\" style=\"background-image: url('https:\/\/via.placeholder.com\/300x200')\"><\/div>\n                                        <div class=\"item\" style=\"background-image: url('https:\/\/via.placeholder.com\/300x200')\"><\/div>\n                                        <div class=\"item\" style=\"background-image: url('https:\/\/via.placeholder.com\/300x200')\"><\/div>\n                                        <div class=\"item\" style=\"background-image: url('https:\/\/via.placeholder.com\/300x200')\"><\/div>\n                                        <div class=\"item\" style=\"background-image: url('https:\/\/via.placeholder.com\/300x200')\"><\/div>\n                                <\/div>\n            <div class=\"slogan\">\n                <h4>Galeri<\/h4>\n                                        <a href=\"\" target=\"\" class=\"btn btn-primary\"><\/a>\n                                <\/div>\n        <\/div>\n    <\/div>\n[\/vc_column][\/vc_row]<\/p>\n","protected":false},"excerpt":{"rendered":"<p>[vc_row][vc_column][vc_empty_space height=&#8221;60px&#8221;][\/vc_column][\/vc_row][vc_row][vc_column width=&#8221;1\/2&#8243;][vc_column_text el_class=&#8221;st-aboutus-title&#8221;] Our Story [\/vc_column_text][vc_column_text el_class=&#8221;st-aboutus-content&#8221;]Our agency was established in 2020 with an understanding of service based on international standards and long-term commercial relations. Our agency which is a member of TURSAB (Turkey Travel Agencies Association) provides all tour operators with the expected precision, reliability and flexibility with an understanding of professional service, [&hellip;]<\/p>\n","protected":false},"author":1,"featured_media":8376,"parent":0,"menu_order":16,"comment_status":"closed","ping_status":"closed","template":"template-home-modern.php","meta":{"footnotes":""},"class_list":["post-8456","page","type-page","status-publish","has-post-thumbnail","hentry"],"_links":{"self":[{"href":"https:\/\/encholiday.com\/en\/wp-json\/wp\/v2\/pages\/8456","targetHints":{"allow":["GET"]}}],"collection":[{"href":"https:\/\/encholiday.com\/en\/wp-json\/wp\/v2\/pages"}],"about":[{"href":"https:\/\/encholiday.com\/en\/wp-json\/wp\/v2\/types\/page"}],"author":[{"embeddable":true,"href":"https:\/\/encholiday.com\/en\/wp-json\/wp\/v2\/users\/1"}],"replies":[{"embeddable":true,"href":"https:\/\/encholiday.com\/en\/wp-json\/wp\/v2\/comments?post=8456"}],"version-history":[{"count":2,"href":"https:\/\/encholiday.com\/en\/wp-json\/wp\/v2\/pages\/8456\/revisions"}],"predecessor-version":[{"id":8458,"href":"https:\/\/encholiday.com\/en\/wp-json\/wp\/v2\/pages\/8456\/revisions\/8458"}],"wp:featuredmedia":[{"embeddable":true,"href":"https:\/\/encholiday.com\/en\/wp-json\/wp\/v2\/media\/8376"}],"wp:attachment":[{"href":"https:\/\/encholiday.com\/en\/wp-json\/wp\/v2\/media?parent=8456"}],"curies":[{"name":"wp","href":"https:\/\/api.w.org\/{rel}","templated":true}]}}