{"id":8463,"date":"2021-06-30T20:40:16","date_gmt":"2021-06-30T17:40:16","guid":{"rendered":"https:\/\/encholiday.com\/saglik-turizmi\/"},"modified":"2021-06-30T22:13:16","modified_gmt":"2021-06-30T19:13:16","slug":"health-tourism","status":"publish","type":"page","link":"https:\/\/encholiday.com\/en\/health-tourism\/","title":{"rendered":"Health Tourism"},"content":{"rendered":"<p>[vc_row][vc_column][vc_empty_space height=&#8221;75px&#8221;][\/vc_column][\/vc_row][vc_row][vc_column][vc_column_text]\u015eirketimizin en tecr\u00fcbeli oldu\u011fu hizmetlerden birisi de sa\u011fl\u0131k sekt\u00f6r\u00fcn\u00fcn t\u00fcm ihtiya\u00e7lar\u0131na cevap verebilme kabiliyetidir. Hastaneler, T\u0131bbi Cihaz ve Medikal Malzeme Firmalar\u0131, \u0130la\u00e7 ve Kozmetik Firmalar\u0131, Sa\u011fl\u0131k Turizm \u015eirketleri, Devlet Sa\u011fl\u0131k Kurumlar\u0131 ve Sa\u011fl\u0131k STK lar\u0131 i\u00e7in do\u011fru \u00e7\u00f6z\u00fcm orta\u011f\u0131 olarak ENC International 10 y\u0131ll\u0131k birikimi ile hizmetinizdedir.<\/p>\n<p>ENC International T\u00fcrkiye\u2019nin 15 farkl\u0131 \u015fehrinde 70\u2019den fazla hastanede konusunda uzman sa\u011fl\u0131k \u00e7al\u0131\u015fanlar\u0131 ile t\u00fcm hastalar\u0131n tedavilerinde global bir \u00e7\u00f6z\u00fcm merkezidir. 7 farkl\u0131 dilde hizmet veren \u00e7a\u011fr\u0131 merkezimiz, uzman vize ekibimiz, konusunda tecr\u00fcbeli partner \u015firketimiz, hava \u2013 kara ambulans\u0131m\u0131z, transfer-konaklama hizmetlerimiz, tedavi plan\u0131 kontrol\u00fc-fatura\u00a0inceleme servislerimiz ile profesyonel bir sa\u011fl\u0131k hizmetini bizler ile temin edebilirsiniz.[\/vc_column_text][\/vc_column][\/vc_row][vc_row gap=&#8221;15&#8243;][vc_column][vc_custom_heading text=&#8221;Our Treatments&#8221; font_container=&#8221;tag:h2|text_align:center&#8221; use_theme_fonts=&#8221;yes&#8221;][\/vc_column][vc_column width=&#8221;1\/3&#8243; css=&#8221;.vc_custom_1625074323278{border-top-width: 1px !important;border-right-width: 1px !important;border-bottom-width: 1px !important;border-left-width: 1px !important;border-left-color: #f5f5f5 !important;border-left-style: solid !important;border-right-color: #f5f5f5 !important;border-right-style: solid !important;border-top-color: #f5f5f5 !important;border-top-style: solid !important;border-bottom-color: #f5f5f5 !important;border-bottom-style: solid !important;border-radius: 2px !important;}&#8221;][vc_single_image image=&#8221;8419&#8243; img_size=&#8221;full&#8221; css=&#8221;.vc_custom_1625074005700{margin-bottom: 0px !important;padding-right: 0px !important;padding-left: 0px !important;}&#8221;][vc_custom_heading text=&#8221;Hair Transplant&#8221; font_container=&#8221;tag:h3|text_align:center&#8221; use_theme_fonts=&#8221;yes&#8221;][\/vc_column][vc_column width=&#8221;1\/3&#8243; css=&#8221;.vc_custom_1625074472448{border-top-width: 2px !important;border-right-width: 2px !important;border-bottom-width: 2px !important;border-left-width: 2px !important;border-left-color: #f5f5f5 !important;border-left-style: solid !important;border-right-color: #f5f5f5 !important;border-right-style: solid !important;border-top-color: #f5f5f5 !important;border-top-style: solid !important;border-bottom-color: #f5f5f5 !important;border-bottom-style: solid !important;}&#8221;][vc_single_image image=&#8221;8429&#8243; img_size=&#8221;full&#8221; css=&#8221;.vc_custom_1625073905273{margin-bottom: 0px !important;}&#8221;][vc_custom_heading text=&#8221;Plastic Surgery&#8221; font_container=&#8221;tag:h3|text_align:center&#8221; use_theme_fonts=&#8221;yes&#8221;][\/vc_column][vc_column width=&#8221;1\/3&#8243; css=&#8221;.vc_custom_1625074485191{border-top-width: 2px !important;border-right-width: 2px !important;border-bottom-width: 2px !important;border-left-width: 2px !important;border-left-color: #f5f5f5 !important;border-left-style: solid !important;border-right-color: #f5f5f5 !important;border-right-style: solid !important;border-top-color: #f5f5f5 !important;border-top-style: solid !important;border-bottom-color: #f5f5f5 !important;border-bottom-style: solid !important;}&#8221;][vc_single_image image=&#8221;8431&#8243; img_size=&#8221;full&#8221; css=&#8221;.vc_custom_1625073950059{margin-bottom: 0px !important;}&#8221;][vc_custom_heading text=&#8221;Obesity Treatments&#8221; font_container=&#8221;tag:h3|text_align:center&#8221; use_theme_fonts=&#8221;yes&#8221;][\/vc_column][\/vc_row][vc_row gap=&#8221;15&#8243; css=&#8221;.vc_custom_1625074695492{margin-top: 1% !important;}&#8221;][vc_column width=&#8221;1\/3&#8243; css=&#8221;.vc_custom_1625074323278{border-top-width: 1px !important;border-right-width: 1px !important;border-bottom-width: 1px !important;border-left-width: 1px !important;border-left-color: #f5f5f5 !important;border-left-style: solid !important;border-right-color: #f5f5f5 !important;border-right-style: solid !important;border-top-color: #f5f5f5 !important;border-top-style: solid !important;border-bottom-color: #f5f5f5 !important;border-bottom-style: solid !important;border-radius: 2px !important;}&#8221;][vc_single_image image=&#8221;8446&#8243; img_size=&#8221;full&#8221; css=&#8221;.vc_custom_1625074540052{margin-bottom: 0px !important;padding-right: 0px !important;padding-left: 0px !important;}&#8221;][vc_custom_heading text=&#8221;Dental Treatments&#8221; font_container=&#8221;tag:h3|text_align:center&#8221; use_theme_fonts=&#8221;yes&#8221;][\/vc_column][vc_column width=&#8221;1\/3&#8243; css=&#8221;.vc_custom_1625074472448{border-top-width: 2px !important;border-right-width: 2px !important;border-bottom-width: 2px !important;border-left-width: 2px !important;border-left-color: #f5f5f5 !important;border-left-style: solid !important;border-right-color: #f5f5f5 !important;border-right-style: solid !important;border-top-color: #f5f5f5 !important;border-top-style: solid !important;border-bottom-color: #f5f5f5 !important;border-bottom-style: solid !important;}&#8221;][vc_single_image image=&#8221;8448&#8243; img_size=&#8221;full&#8221; css=&#8221;.vc_custom_1625074582315{margin-bottom: 0px !important;}&#8221;][vc_custom_heading text=&#8221;Laser Eye Treatments&#8221; font_container=&#8221;tag:h3|text_align:center&#8221; use_theme_fonts=&#8221;yes&#8221;][\/vc_column][vc_column width=&#8221;1\/3&#8243; css=&#8221;.vc_custom_1625074485191{border-top-width: 2px !important;border-right-width: 2px !important;border-bottom-width: 2px !important;border-left-width: 2px !important;border-left-color: #f5f5f5 !important;border-left-style: solid !important;border-right-color: #f5f5f5 !important;border-right-style: solid !important;border-top-color: #f5f5f5 !important;border-top-style: solid !important;border-bottom-color: #f5f5f5 !important;border-bottom-style: solid !important;}&#8221;][vc_single_image image=&#8221;8450&#8243; img_size=&#8221;full&#8221; css=&#8221;.vc_custom_1625074625017{margin-bottom: 0px !important;}&#8221;][vc_custom_heading text=&#8221;Cosmetic Treatmens&#8221; font_container=&#8221;tag:h3|text_align:center&#8221; use_theme_fonts=&#8221;yes&#8221;][\/vc_column][\/vc_row]<\/p>\n","protected":false},"excerpt":{"rendered":"<p>[vc_row][vc_column][vc_empty_space height=&#8221;75px&#8221;][\/vc_column][\/vc_row][vc_row][vc_column][vc_column_text]\u015eirketimizin en tecr\u00fcbeli oldu\u011fu hizmetlerden birisi de sa\u011fl\u0131k sekt\u00f6r\u00fcn\u00fcn t\u00fcm ihtiya\u00e7lar\u0131na cevap verebilme kabiliyetidir. Hastaneler, T\u0131bbi Cihaz ve Medikal Malzeme Firmalar\u0131, \u0130la\u00e7 ve Kozmetik Firmalar\u0131, Sa\u011fl\u0131k Turizm \u015eirketleri, Devlet Sa\u011fl\u0131k Kurumlar\u0131 ve Sa\u011fl\u0131k STK lar\u0131 i\u00e7in do\u011fru \u00e7\u00f6z\u00fcm orta\u011f\u0131 olarak ENC International 10 y\u0131ll\u0131k birikimi ile hizmetinizdedir. ENC International T\u00fcrkiye\u2019nin 15 farkl\u0131 \u015fehrinde 70\u2019den [&hellip;]<\/p>\n","protected":false},"author":1,"featured_media":8418,"parent":0,"menu_order":21,"comment_status":"closed","ping_status":"closed","template":"template-home-modern.php","meta":{"footnotes":""},"class_list":["post-8463","page","type-page","status-publish","has-post-thumbnail","hentry"],"_links":{"self":[{"href":"https:\/\/encholiday.com\/en\/wp-json\/wp\/v2\/pages\/8463","targetHints":{"allow":["GET"]}}],"collection":[{"href":"https:\/\/encholiday.com\/en\/wp-json\/wp\/v2\/pages"}],"about":[{"href":"https:\/\/encholiday.com\/en\/wp-json\/wp\/v2\/types\/page"}],"author":[{"embeddable":true,"href":"https:\/\/encholiday.com\/en\/wp-json\/wp\/v2\/users\/1"}],"replies":[{"embeddable":true,"href":"https:\/\/encholiday.com\/en\/wp-json\/wp\/v2\/comments?post=8463"}],"version-history":[{"count":4,"href":"https:\/\/encholiday.com\/en\/wp-json\/wp\/v2\/pages\/8463\/revisions"}],"predecessor-version":[{"id":8467,"href":"https:\/\/encholiday.com\/en\/wp-json\/wp\/v2\/pages\/8463\/revisions\/8467"}],"wp:featuredmedia":[{"embeddable":true,"href":"https:\/\/encholiday.com\/en\/wp-json\/wp\/v2\/media\/8418"}],"wp:attachment":[{"href":"https:\/\/encholiday.com\/en\/wp-json\/wp\/v2\/media?parent=8463"}],"curies":[{"name":"wp","href":"https:\/\/api.w.org\/{rel}","templated":true}]}}